{"id":223,"date":"2023-03-26T02:10:31","date_gmt":"2023-03-26T02:10:31","guid":{"rendered":"https:\/\/centroci.com\/?page_id=223"},"modified":"2024-03-27T20:17:14","modified_gmt":"2024-03-27T20:17:14","slug":"inicio","status":"publish","type":"page","link":"https:\/\/centroci.com\/","title":{"rendered":"Inicio"},"content":{"rendered":"<p>[et_pb_section fb_built=\u00bb1&#8243; fullwidth=\u00bbon\u00bb _builder_version=\u00bb4.20.2&#8243; _module_preset=\u00bbdefault\u00bb global_colors_info=\u00bb{}\u00bb][et_pb_fullwidth_header header_fullscreen=\u00bbon\u00bb disabled_on=\u00bbon|off|off\u00bb _builder_version=\u00bb4.23.1&#8243; _module_preset=\u00bbdefault\u00bb background_enable_color=\u00bboff\u00bb background_video_mp4=\u00bbhttps:\/\/centroci.com\/wp-content\/uploads\/2023\/12\/WhatsApp-Video-2023-12-15-at-10.02.35.mp4&#8243; background_last_edited=\u00bboff|phone\u00bb background_video_mp4_phone=\u00bbhttps:\/\/centroci.com\/wp-content\/uploads\/2024\/03\/CI-estudio-1300&#215;600-1.mov\u00bb background_enable_video_mp4_phone=\u00bbon\u00bb global_colors_info=\u00bb{}\u00bb][\/et_pb_fullwidth_header][et_pb_fullwidth_header header_fullscreen=\u00bbon\u00bb disabled_on=\u00bboff|on|on\u00bb _builder_version=\u00bb4.23.1&#8243; _module_preset=\u00bbdefault\u00bb background_enable_color=\u00bboff\u00bb background_video_mp4=\u00bbhttps:\/\/centroci.com\/wp-content\/uploads\/2024\/03\/CI-estudio-compr-1.mp4&#8243; background_last_edited=\u00bboff|phone\u00bb background_video_mp4_phone=\u00bbhttps:\/\/centroci.com\/wp-content\/uploads\/2024\/03\/CI-estudio-1300&#215;600-1.mov\u00bb background_enable_video_mp4_phone=\u00bbon\u00bb global_colors_info=\u00bb{}\u00bb][\/et_pb_fullwidth_header][\/et_pb_section][et_pb_section fb_built=\u00bb1&#8243; _builder_version=\u00bb4.23.1&#8243; _module_preset=\u00bbdefault\u00bb background_color=\u00bb#151718&#8243; background_video_mp4=\u00bbhttps:\/\/centroci.com\/wp-content\/uploads\/2023\/04\/ci-estudio-soporte.mp4&#8243; positioning=\u00bbabsolute\u00bb position_origin_a=\u00bbtop_center\u00bb z_index=\u00bb999&#8243; position_origin_a_tablet=\u00bbtop_center\u00bb position_origin_a_phone=\u00bbtop_center\u00bb position_origin_a_last_edited=\u00bbon|desktop\u00bb position_origin_f_phone=\u00bbtop_center\u00bb position_origin_f_last_edited=\u00bbon|desktop\u00bb position_origin_r_last_edited=\u00bbon|desktop\u00bb min_height=\u00bb100vh\u00bb min_height_tablet=\u00bb100vh\u00bb min_height_phone=\u00bb100%\u00bb min_height_last_edited=\u00bboff|phone\u00bb custom_margin=\u00bb0px||0px||false|false\u00bb custom_padding=\u00bb0px||50px||false|false\u00bb animation_style=\u00bbfade\u00bb animation_delay=\u00bb8000ms\u00bb hover_enabled=\u00bb0&#8243; background_last_edited=\u00bboff|phone\u00bb background_enable_color_phone=\u00bboff\u00bb background_video_mp4_phone=\u00bbhttps:\/\/centroci.com\/wp-content\/uploads\/2024\/03\/CI-estudio-1300&#215;600-1.mov\u00bb background_enable_video_mp4_phone=\u00bbon\u00bb positioning_tablet=\u00bbabsolute\u00bb positioning_phone=\u00bbrelative\u00bb positioning_last_edited=\u00bbon|phone\u00bb global_colors_info=\u00bb{}\u00bb sticky_enabled=\u00bb0&#8243; custom_margin_last_edited=\u00bbon|phone\u00bb custom_margin_phone=\u00bb-95vh||0px||false|false\u00bb custom_margin_tablet=\u00bb0px||0px||false|false\u00bb][et_pb_row custom_padding_last_edited=\u00bbon|phone\u00bb disabled_on=\u00bboff|off|off\u00bb _builder_version=\u00bb4.23.1&#8243; _module_preset=\u00bbdefault\u00bb background_image=\u00bbhttps:\/\/centroci.com\/wp-content\/uploads\/2023\/04\/899-Convertido-01-2-min.png\u00bb background_size=\u00bbstretch\u00bb background_position=\u00bbtop_center\u00bb width=\u00bb100%\u00bb max_width=\u00bb100%\u00bb custom_margin_tablet=\u00bb0px||57px||false|false\u00bb custom_margin_phone=\u00bb50px||50px||false|false\u00bb custom_margin_last_edited=\u00bboff|desktop\u00bb custom_padding=\u00bb60px||120px||false|false\u00bb custom_padding_tablet=\u00bb60px||120px||false|false\u00bb custom_padding_phone=\u00bb20px||40px||false|false\u00bb global_colors_info=\u00bb{}\u00bb][et_pb_column type=\u00bb4_4&#8243; _builder_version=\u00bb4.19.5&#8243; _module_preset=\u00bbdefault\u00bb global_colors_info=\u00bb{}\u00bb][\/et_pb_column][\/et_pb_row][et_pb_row column_structure=\u00bb1_3,1_3,1_3&#8243; use_custom_gutter=\u00bbon\u00bb gutter_width=\u00bb2&#8243; make_equal=\u00bbon\u00bb _builder_version=\u00bb4.23.1&#8243; _module_preset=\u00bbdefault\u00bb transform_scale_phone=\u00bb60%|60%\u00bb transform_scale_last_edited=\u00bboff|phone\u00bb transform_translate_last_edited=\u00bboff|phone\u00bb transform_rotate_last_edited=\u00bboff|phone\u00bb transform_skew_last_edited=\u00bboff|phone\u00bb transform_origin_last_edited=\u00bboff|phone\u00bb transform_styles_last_edited=\u00bboff|phone\u00bb width=\u00bb90%\u00bb max_width=\u00bb1290px\u00bb max_width_tablet=\u00bb410px\u00bb max_width_phone=\u00bb410px\u00bb max_width_last_edited=\u00bbon|tablet\u00bb overflow-y=\u00bbscroll\u00bb custom_margin=\u00bb60px||60px||false|false\u00bb custom_margin_tablet=\u00bb60px||60px||false|false\u00bb custom_margin_phone=\u00bb10px||10px||true|false\u00bb custom_margin_last_edited=\u00bbon|phone\u00bb custom_padding=\u00bb0px||0px||false|false\u00bb hover_enabled=\u00bb0&#8243; global_colors_info=\u00bb{}\u00bb disabled_on=\u00bboff|off|off\u00bb sticky_enabled=\u00bb0&#8243;][et_pb_column type=\u00bb1_3&#8243; _builder_version=\u00bb4.23.1&#8243; _dynamic_attributes=\u00bblink_option_url\u00bb _module_preset=\u00bbdefault\u00bb background_color=\u00bbRGBA(255,255,255,0)\u00bb use_background_color_gradient=\u00bbon\u00bb background_color_gradient_stops=\u00bbrgba(255,255,255,0.84) 0%|#000000 100%\u00bb background_image=\u00bbhttps:\/\/centroci.com\/wp-content\/uploads\/2023\/04\/escritorio-disenadora-grafica.jpg\u00bb background_position=\u00bbbottom_right\u00bb background_blend=\u00bboverlay\u00bb transform_scale_phone=\u00bb60%|60%\u00bb transform_scale_last_edited=\u00bboff|phone\u00bb transform_translate_last_edited=\u00bboff|phone\u00bb transform_translate_linked__hover=\u00bboff\u00bb transform_rotate_last_edited=\u00bboff|phone\u00bb transform_skew_last_edited=\u00bboff|phone\u00bb transform_origin_last_edited=\u00bboff|phone\u00bb transform_styles_last_edited=\u00bboff|phone\u00bb custom_padding=\u00bb80px|55px|80px|55px|false|false\u00bb custom_padding_tablet=\u00bb80px|55px|80px|55px|false|false\u00bb custom_padding_phone=\u00bb60px|55px|60px|55px|false|false\u00bb custom_padding_last_edited=\u00bbon|phone\u00bb animation_style=\u00bbslide\u00bb animation_direction=\u00bbbottom\u00bb animation_intensity_slide=\u00bb3%\u00bb animation_speed_curve=\u00bbease\u00bb link_option_url=\u00bb@ET-DC@eyJkeW5hbWljIjp0cnVlLCJjb250ZW50IjoicG9zdF9saW5rX3VybF9wYWdlIiwic2V0dGluZ3MiOnsicG9zdF9pZCI6IjYifX0=@\u00bb border_radii=\u00bbon|20px|20px|20px|20px\u00bb global_colors_info=\u00bb{}\u00bb transform_styles__hover_enabled=\u00bbon|desktop\u00bb transform_scale__hover_enabled=\u00bbon|desktop\u00bb transform_translate__hover_enabled=\u00bbon|hover\u00bb transform_rotate__hover_enabled=\u00bbon|desktop\u00bb transform_skew__hover_enabled=\u00bbon|desktop\u00bb transform_origin__hover_enabled=\u00bbon|desktop\u00bb transform_translate__hover=\u00bb0px|-10px\u00bb][et_pb_image src=\u00bbhttps:\/\/centroci.com\/wp-content\/uploads\/2023\/03\/Carpeta-1.png\u00bb title_text=\u00bbCarpeta 1&#8243; _builder_version=\u00bb4.23.1&#8243; _module_preset=\u00bbdefault\u00bb height=\u00bb107px\u00bb height_tablet=\u00bb74px\u00bb height_phone=\u00bb60px\u00bb height_last_edited=\u00bboff|desktop\u00bb custom_margin=\u00bb0px||52px||false|false\u00bb custom_margin_tablet=\u00bb0px||52px||false|false\u00bb custom_margin_phone=\u00bb0px||40px||false|false\u00bb custom_margin_last_edited=\u00bbon|phone\u00bb custom_padding=\u00bb0px||0px||false|false\u00bb global_colors_info=\u00bb{}\u00bb][\/et_pb_image][et_pb_text _builder_version=\u00bb4.20.2&#8243; _dynamic_attributes=\u00bblink_option_url\u00bb _module_preset=\u00bbdefault\u00bb header_3_font=\u00bbPlus Jakarta Sans|700|||||||\u00bb header_3_text_align=\u00bbleft\u00bb header_3_text_color=\u00bb#FFFFFF\u00bb header_3_font_size=\u00bb24px\u00bb header_3_line_height=\u00bb1.5em\u00bb max_width=\u00bb230px\u00bb custom_margin=\u00bb0px||57px||false|false\u00bb custom_margin_tablet=\u00bb0px||57px||false|false\u00bb custom_margin_phone=\u00bb0px||45px||false|false\u00bb custom_margin_last_edited=\u00bbon|phone\u00bb custom_padding=\u00bb0px||0px||false|false\u00bb link_option_url=\u00bb@ET-DC@eyJkeW5hbWljIjp0cnVlLCJjb250ZW50IjoicG9zdF9saW5rX3VybF9wYWdlIiwic2V0dGluZ3MiOnsicG9zdF9pZCI6IjYifX0=@\u00bb global_colors_info=\u00bb{}\u00bb]<\/p>\n<h3>CI ESTUDIO<\/h3>\n<p>[\/et_pb_text][et_pb_text _builder_version=\u00bb4.20.2&#8243; _dynamic_attributes=\u00bblink_option_url\u00bb _module_preset=\u00bbdefault\u00bb text_font=\u00bbPlus Jakarta Sans||||||||\u00bb text_text_color=\u00bb#FFFFFF\u00bb text_font_size=\u00bb15px\u00bb text_line_height=\u00bb1.5em\u00bb custom_margin=\u00bb0px||0px||false|false\u00bb custom_padding=\u00bb21px||0px||false|false\u00bb link_option_url=\u00bb@ET-DC@eyJkeW5hbWljIjp0cnVlLCJjb250ZW50IjoicG9zdF9saW5rX3VybF9wYWdlIiwic2V0dGluZ3MiOnsicG9zdF9pZCI6IjYifX0=@\u00bb border_width_top=\u00bb1px\u00bb border_color_top=\u00bb#333435&#8243; global_colors_info=\u00bb{}\u00bb text_text_color__hover_enabled=\u00bbon|desktop\u00bb text_text_color__hover=\u00bb#33cc79&#8243;]<\/p>\n<p><strong>Impresi\u00f3n, corte y m\u00e1s<\/strong><\/p>\n<p><span style=\"font-size: 24px; position: absolute; right: 0px; top: -3px;\">\u203a<\/span><\/p>\n<p>[\/et_pb_text][\/et_pb_column][et_pb_column type=\u00bb1_3&#8243; disabled_on=\u00bbon|off|off\u00bb _builder_version=\u00bb4.23.1&#8243; _module_preset=\u00bbdefault\u00bb global_colors_info=\u00bb{}\u00bb][\/et_pb_column][et_pb_column type=\u00bb1_3&#8243; _builder_version=\u00bb4.23.1&#8243; _dynamic_attributes=\u00bblink_option_url\u00bb _module_preset=\u00bbdefault\u00bb background_color=\u00bbrgba(0,0,0,0.07)\u00bb use_background_color_gradient=\u00bbon\u00bb background_color_gradient_stops=\u00bbrgba(255,255,255,0.81) 0%|#000000 100%\u00bb background_image=\u00bbhttps:\/\/centroci.com\/wp-content\/uploads\/2023\/12\/WhatsApp-Image-2023-12-15-at-10.16.25.jpeg\u00bb background_blend=\u00bboverlay\u00bb transform_scale_phone=\u00bb60%|60%\u00bb transform_scale_last_edited=\u00bboff|phone\u00bb transform_translate_last_edited=\u00bboff|phone\u00bb transform_translate_linked__hover=\u00bboff\u00bb transform_rotate_last_edited=\u00bboff|phone\u00bb transform_skew_last_edited=\u00bboff|phone\u00bb transform_origin_last_edited=\u00bboff|phone\u00bb transform_styles_last_edited=\u00bboff|phone\u00bb custom_padding=\u00bb80px|55px|80px|55px|false|false\u00bb custom_padding_tablet=\u00bb80px|55px|80px|55px|false|false\u00bb custom_padding_phone=\u00bb60px|55px|60px|55px|false|false\u00bb custom_padding_last_edited=\u00bbon|phone\u00bb animation_style=\u00bbslide\u00bb animation_direction=\u00bbbottom\u00bb animation_intensity_slide=\u00bb3%\u00bb animation_speed_curve=\u00bbease\u00bb link_option_url=\u00bb@ET-DC@eyJkeW5hbWljIjp0cnVlLCJjb250ZW50IjoicG9zdF9saW5rX3VybF9wYWdlIiwic2V0dGluZ3MiOnsicG9zdF9pZCI6IjY4In19@\u00bb border_radii=\u00bbon|20px|20px|20px|20px\u00bb global_colors_info=\u00bb{}\u00bb transform_styles__hover_enabled=\u00bbon|hover\u00bb transform_scale__hover_enabled=\u00bbon|desktop\u00bb transform_translate__hover_enabled=\u00bbon|hover\u00bb transform_rotate__hover_enabled=\u00bbon|desktop\u00bb transform_skew__hover_enabled=\u00bbon|desktop\u00bb transform_origin__hover_enabled=\u00bbon|desktop\u00bb transform_translate__hover=\u00bb0px|-10px\u00bb][et_pb_image src=\u00bbhttps:\/\/centroci.com\/wp-content\/uploads\/2023\/03\/logo-soporte-2.png\u00bb title_text=\u00bblogo soporte-2&#8243; _builder_version=\u00bb4.23.1&#8243; _module_preset=\u00bbdefault\u00bb height=\u00bb107px\u00bb height_tablet=\u00bb74px\u00bb height_phone=\u00bb60px\u00bb height_last_edited=\u00bboff|desktop\u00bb custom_margin=\u00bb0px||52px||false|false\u00bb custom_margin_tablet=\u00bb0px||52px||false|false\u00bb custom_margin_phone=\u00bb0px||40px||false|false\u00bb custom_margin_last_edited=\u00bbon|phone\u00bb custom_padding=\u00bb0px||0px||false|false\u00bb global_colors_info=\u00bb{}\u00bb][\/et_pb_image][et_pb_text _builder_version=\u00bb4.20.2&#8243; _dynamic_attributes=\u00bblink_option_url\u00bb _module_preset=\u00bbdefault\u00bb header_3_font=\u00bbPlus Jakarta Sans|700|||||||\u00bb header_3_text_align=\u00bbleft\u00bb header_3_text_color=\u00bb#FFFFFF\u00bb header_3_font_size=\u00bb24px\u00bb header_3_line_height=\u00bb1.5em\u00bb max_width=\u00bb230px\u00bb custom_margin=\u00bb0px||57px||false|false\u00bb custom_margin_tablet=\u00bb0px||57px||false|false\u00bb custom_margin_phone=\u00bb0px||45px||false|false\u00bb custom_margin_last_edited=\u00bbon|phone\u00bb custom_padding=\u00bb0px||0px||false|false\u00bb link_option_url=\u00bb@ET-DC@eyJkeW5hbWljIjp0cnVlLCJjb250ZW50IjoicG9zdF9saW5rX3VybF9wYWdlIiwic2V0dGluZ3MiOnsicG9zdF9pZCI6IjY4In19@\u00bb global_colors_info=\u00bb{}\u00bb]<\/p>\n<h3>CI SOPORTE<\/h3>\n<p>[\/et_pb_text][et_pb_text _builder_version=\u00bb4.20.2&#8243; _dynamic_attributes=\u00bblink_option_url\u00bb _module_preset=\u00bbdefault\u00bb text_font=\u00bbPlus Jakarta Sans||||||||\u00bb text_text_color=\u00bb#FFFFFF\u00bb text_font_size=\u00bb15px\u00bb text_line_height=\u00bb1.5em\u00bb custom_margin=\u00bb0px||0px||false|false\u00bb custom_padding=\u00bb21px||0px||false|false\u00bb link_option_url=\u00bb@ET-DC@eyJkeW5hbWljIjp0cnVlLCJjb250ZW50IjoicG9zdF9saW5rX3VybF9wYWdlIiwic2V0dGluZ3MiOnsicG9zdF9pZCI6IjY4In19@\u00bb border_width_top=\u00bb1px\u00bb border_color_top=\u00bb#333435&#8243; global_colors_info=\u00bb{}\u00bb text_text_color__hover_enabled=\u00bbon|desktop\u00bb text_text_color__hover=\u00bb#33cc79&#8243;]<\/p>\n<p><strong>Venta de m\u00e1quinas, servicio t\u00e9cnico y m\u00e1s<\/strong><br \/><span style=\"font-size: 24px; position: absolute; right: 0px; top: -3px;\">\u203a<\/span><\/p>\n<p>[\/et_pb_text][\/et_pb_column][\/et_pb_row][\/et_pb_section]<\/p>\n","protected":false},"excerpt":{"rendered":"<p>CI ESTUDIOImpresi\u00f3n, corte y m\u00e1s \u203aCI SOPORTEVenta de m\u00e1quinas, servicio t\u00e9cnico y m\u00e1s\u203a<\/p>\n","protected":false},"author":1,"featured_media":0,"parent":0,"menu_order":0,"comment_status":"closed","ping_status":"closed","template":"page-template-blank.php","meta":{"_et_pb_use_builder":"on","_et_pb_old_content":"","_et_gb_content_width":"","footnotes":""},"class_list":["post-223","page","type-page","status-publish","hentry"],"_links":{"self":[{"href":"https:\/\/centroci.com\/index.php?rest_route=\/wp\/v2\/pages\/223","targetHints":{"allow":["GET"]}}],"collection":[{"href":"https:\/\/centroci.com\/index.php?rest_route=\/wp\/v2\/pages"}],"about":[{"href":"https:\/\/centroci.com\/index.php?rest_route=\/wp\/v2\/types\/page"}],"author":[{"embeddable":true,"href":"https:\/\/centroci.com\/index.php?rest_route=\/wp\/v2\/users\/1"}],"replies":[{"embeddable":true,"href":"https:\/\/centroci.com\/index.php?rest_route=%2Fwp%2Fv2%2Fcomments&post=223"}],"version-history":[{"count":59,"href":"https:\/\/centroci.com\/index.php?rest_route=\/wp\/v2\/pages\/223\/revisions"}],"predecessor-version":[{"id":71844,"href":"https:\/\/centroci.com\/index.php?rest_route=\/wp\/v2\/pages\/223\/revisions\/71844"}],"wp:attachment":[{"href":"https:\/\/centroci.com\/index.php?rest_route=%2Fwp%2Fv2%2Fmedia&parent=223"}],"curies":[{"name":"wp","href":"https:\/\/api.w.org\/{rel}","templated":true}]}}